{"id":47,"date":"2016-06-07T10:18:58","date_gmt":"2016-06-07T09:18:58","guid":{"rendered":"http:\/\/0dbproductions.fr\/?page_id=47"},"modified":"2016-07-20T10:09:51","modified_gmt":"2016-07-20T09:09:51","slug":"nos-productions-speciales","status":"publish","type":"page","link":"http:\/\/0dbproductions.fr\/?page_id=47","title":{"rendered":"Nos productions sp\u00e9ciales"},"content":{"rendered":"<p style=\"text-align: center;\"><strong>Avril 2016 &#8211; Jingle Sonore IP FRANCE<\/strong><\/p>\n<p style=\"text-align: center;\">Quand IP France revoit le design de son logo, c\u2019est tout naturellement que Z\u00e9rod\u00e9cibel Productions s\u2019en voit confier la cr\u00e9ation de la signature sonore !<\/p>\n<p style=\"text-align: center;\"><a href=\"http:\/\/www.ipfrance.fr\"><img loading=\"lazy\" decoding=\"async\" class=\"alignnone wp-image-181 size-medium\" src=\"http:\/\/0dbproductions.fr\/wp-content\/uploads\/2016\/06\/Logo-IP-sans-claim-300x292.png\" alt=\"Logo IP sans claim\" width=\"300\" height=\"292\" \/><\/a><\/p>\n<div id=\"mp3jWrap_0\" class=\"mjp-s-wrapper s-graphic unsel-mjp \" style=\"font-size:18px;\"><span id=\"playpause_wrap_mp3j_0\" class=\"wrap_inline_mp3j\" style=\"font-weight:700;\"><span class=\"gfxbutton_mp3j play-mjp\" id=\"playpause_mp3j_0\" style=\"font-size:18px;\">&nbsp;&nbsp;&nbsp;&nbsp;&nbsp;<\/span>&nbsp;<span class=\"group_wrap\"><span class=\"bars_mp3j\"><span class=\"loadB_mp3j\" id=\"load_mp3j_0\"><\/span><span class=\"posbarB_mp3j\" id=\"posbar_mp3j_0\"><\/span><\/span><span class=\"T_mp3j\" id=\"T_mp3j_0\" style=\"font-size:18px;\">Jingle-IP-Radio-d5<\/span><span class=\"indi_mp3j\" style=\"font-size:12.6px;\" id=\"statusMI_0\"><\/span><\/span><\/span><\/div><span class=\"s-nosolution\" id=\"mp3j_nosolution_0\" style=\"display:none;\"><\/span><script>\nMP3jPLAYLISTS.inline_0 = [\n\t{ name: \"Jingle-IP-Radio-d5\", formats: [\"mp3\"], mp3: \"aHR0cDovLzBkYnByb2R1Y3Rpb25zLmZyL3dwLWNvbnRlbnQvdXBsb2Fkcy8yMDE2LzA2L0ppbmdsZS1JUC1SYWRpby1kNS5tcDM=\", counterpart:\"\", artist: \"\", image: \"\", imgurl: \"\" }\n];\n<\/script>\n\n<script>MP3jPLAYERS[0] = { list: MP3jPLAYLISTS.inline_0, tr:0, type:'single', lstate:'', loop:false, play_txt:'&nbsp;&nbsp;&nbsp;&nbsp;&nbsp;', pause_txt:'&nbsp;&nbsp;&nbsp;&nbsp;&nbsp;', pp_title:'', autoplay:false, download:false, vol:100, height:'' };<\/script>\n<hr \/>\n<p>&nbsp;<\/p>\n<p style=\"text-align: center;\"><strong>Avril 2015 &#8211; Radio Facile SHAZAM<\/strong><\/p>\n<p style=\"text-align: center;\">IP France, \u00e0 l\u2019occasion de son offre \u00ab\u00a0<i class=\"\">Radio Facile<\/i>\u00a0\u00bb a confi\u00e9 \u00e0 Z\u00e9rod\u00e9cibel la conception et la production d\u2019une campagne radio enti\u00e8rement Shazamable !<\/p>\n<p style=\"text-align: center;\"><a href=\"http:\/\/www.ipfrance.fr\/radiofacile\" target=\"_blank\"><img loading=\"lazy\" decoding=\"async\" class=\"aligncenter wp-image-174 size-full\" src=\"http:\/\/0dbproductions.fr\/wp-content\/uploads\/2016\/06\/Radio-Facile-visuel.png\" alt=\"Radio Facile visuel\" width=\"861\" height=\"281\" srcset=\"http:\/\/0dbproductions.fr\/wp-content\/uploads\/2016\/06\/Radio-Facile-visuel.png 861w, http:\/\/0dbproductions.fr\/wp-content\/uploads\/2016\/06\/Radio-Facile-visuel-300x98.png 300w, http:\/\/0dbproductions.fr\/wp-content\/uploads\/2016\/06\/Radio-Facile-visuel-768x251.png 768w\" sizes=\"auto, (max-width: 861px) 100vw, 861px\" \/><\/a><\/p>\n<div id=\"mp3jWrap_1\" class=\"mjp-s-wrapper s-graphic unsel-mjp \" style=\"font-size:18px;\"><span id=\"playpause_wrap_mp3j_1\" class=\"wrap_inline_mp3j\" style=\"font-weight:700;\"><span class=\"gfxbutton_mp3j play-mjp\" id=\"playpause_mp3j_1\" style=\"font-size:18px;\">&nbsp;&nbsp;&nbsp;&nbsp;&nbsp;<\/span>&nbsp;<span class=\"group_wrap\"><span class=\"bars_mp3j\"><span class=\"loadB_mp3j\" id=\"load_mp3j_1\"><\/span><span class=\"posbarB_mp3j\" id=\"posbar_mp3j_1\"><\/span><\/span><span class=\"T_mp3j\" id=\"T_mp3j_1\" style=\"font-size:18px;\">NEW-V1-LE-SEXE-ALTERNATIVE<\/span><span class=\"indi_mp3j\" style=\"font-size:12.6px;\" id=\"statusMI_1\"><\/span><\/span><\/span><\/div><span class=\"s-nosolution\" id=\"mp3j_nosolution_1\" style=\"display:none;\"><\/span><script>\nMP3jPLAYLISTS.inline_1 = [\n\t{ name: \"NEW-V1-LE-SEXE-ALTERNATIVE\", formats: [\"mp3\"], mp3: \"aHR0cDovLzBkYnByb2R1Y3Rpb25zLmZyL3dwLWNvbnRlbnQvdXBsb2Fkcy8yMDE2LzA2L05FVy1WMS1MRS1TRVhFLUFMVEVSTkFUSVZFLm1wMw==\", counterpart:\"\", artist: \"\", image: \"\", imgurl: \"\" }\n];\n<\/script>\n\n<script>MP3jPLAYERS[1] = { list: MP3jPLAYLISTS.inline_1, tr:0, type:'single', lstate:'', loop:false, play_txt:'&nbsp;&nbsp;&nbsp;&nbsp;&nbsp;', pause_txt:'&nbsp;&nbsp;&nbsp;&nbsp;&nbsp;', pp_title:'', autoplay:false, download:false, vol:100, height:'' };<\/script>\n<div id=\"mp3jWrap_2\" class=\"mjp-s-wrapper s-graphic unsel-mjp \" style=\"font-size:18px;\"><span id=\"playpause_wrap_mp3j_2\" class=\"wrap_inline_mp3j\" style=\"font-weight:700;\"><span class=\"gfxbutton_mp3j play-mjp\" id=\"playpause_mp3j_2\" style=\"font-size:18px;\">&nbsp;&nbsp;&nbsp;&nbsp;&nbsp;<\/span>&nbsp;<span class=\"group_wrap\"><span class=\"bars_mp3j\"><span class=\"loadB_mp3j\" id=\"load_mp3j_2\"><\/span><span class=\"posbarB_mp3j\" id=\"posbar_mp3j_2\"><\/span><\/span><span class=\"T_mp3j\" id=\"T_mp3j_2\" style=\"font-size:18px;\">NEW-V2-SPORT<\/span><span class=\"indi_mp3j\" style=\"font-size:12.6px;\" id=\"statusMI_2\"><\/span><\/span><\/span><\/div><span class=\"s-nosolution\" id=\"mp3j_nosolution_2\" style=\"display:none;\"><\/span><script>\nMP3jPLAYLISTS.inline_2 = [\n\t{ name: \"NEW-V2-SPORT\", formats: [\"mp3\"], mp3: \"aHR0cDovLzBkYnByb2R1Y3Rpb25zLmZyL3dwLWNvbnRlbnQvdXBsb2Fkcy8yMDE2LzA2L05FVy1WMi1TUE9SVC5tcDM=\", counterpart:\"\", artist: \"\", image: \"\", imgurl: \"\" }\n];\n<\/script>\n\n<script>MP3jPLAYERS[2] = { list: MP3jPLAYLISTS.inline_2, tr:0, type:'single', lstate:'', loop:false, play_txt:'&nbsp;&nbsp;&nbsp;&nbsp;&nbsp;', pause_txt:'&nbsp;&nbsp;&nbsp;&nbsp;&nbsp;', pp_title:'', autoplay:false, download:false, vol:100, height:'' };<\/script>\n<div id=\"mp3jWrap_3\" class=\"mjp-s-wrapper s-graphic unsel-mjp \" style=\"font-size:18px;\"><span id=\"playpause_wrap_mp3j_3\" class=\"wrap_inline_mp3j\" style=\"font-weight:700;\"><span class=\"gfxbutton_mp3j play-mjp\" id=\"playpause_mp3j_3\" style=\"font-size:18px;\">&nbsp;&nbsp;&nbsp;&nbsp;&nbsp;<\/span>&nbsp;<span class=\"group_wrap\"><span class=\"bars_mp3j\"><span class=\"loadB_mp3j\" id=\"load_mp3j_3\"><\/span><span class=\"posbarB_mp3j\" id=\"posbar_mp3j_3\"><\/span><\/span><span class=\"T_mp3j\" id=\"T_mp3j_3\" style=\"font-size:18px;\">NEW-V3-ASCENSEUR-MUSIQUE-2<\/span><span class=\"indi_mp3j\" style=\"font-size:12.6px;\" id=\"statusMI_3\"><\/span><\/span><\/span><\/div><span class=\"s-nosolution\" id=\"mp3j_nosolution_3\" style=\"display:none;\"><\/span><script>\nMP3jPLAYLISTS.inline_3 = [\n\t{ name: \"NEW-V3-ASCENSEUR-MUSIQUE-2\", formats: [\"mp3\"], mp3: \"aHR0cDovLzBkYnByb2R1Y3Rpb25zLmZyL3dwLWNvbnRlbnQvdXBsb2Fkcy8yMDE2LzA2L05FVy1WMy1BU0NFTlNFVVItTVVTSVFVRS0yLm1wMw==\", counterpart:\"\", artist: \"\", image: \"\", imgurl: \"\" }\n];\n<\/script>\n\n<script>MP3jPLAYERS[3] = { list: MP3jPLAYLISTS.inline_3, tr:0, type:'single', lstate:'', loop:false, play_txt:'&nbsp;&nbsp;&nbsp;&nbsp;&nbsp;', pause_txt:'&nbsp;&nbsp;&nbsp;&nbsp;&nbsp;', pp_title:'', autoplay:false, download:false, vol:100, height:'' };<\/script>\n","protected":false},"excerpt":{"rendered":"<p>Avril 2016 &#8211; Jingle Sonore IP FRANCE Quand IP France revoit le design de son logo, c\u2019est tout naturellement que Z\u00e9rod\u00e9cibel Productions s\u2019en voit confier la cr\u00e9ation de la signature sonore ! &nbsp; Avril 2015 &#8211; Radio Facile SHAZAM IP France, \u00e0 l\u2019occasion de son offre \u00ab\u00a0Radio Facile\u00a0\u00bb a confi\u00e9 \u00e0 Z\u00e9rod\u00e9cibel la conception et &hellip; <\/p>\n<p class=\"link-more\"><a href=\"http:\/\/0dbproductions.fr\/?page_id=47\" class=\"more-link\">Lire la suite de<span class=\"screen-reader-text\">\u00ab\u00a0Nos productions sp\u00e9ciales\u00a0\u00bb<\/span><\/a><\/p>\n","protected":false},"author":1,"featured_media":0,"parent":0,"menu_order":2,"comment_status":"closed","ping_status":"closed","template":"","meta":{"inspiro_hide_title":false,"footnotes":""},"class_list":["post-47","page","type-page","status-publish","hentry"],"_links":{"self":[{"href":"http:\/\/0dbproductions.fr\/index.php?rest_route=\/wp\/v2\/pages\/47","targetHints":{"allow":["GET"]}}],"collection":[{"href":"http:\/\/0dbproductions.fr\/index.php?rest_route=\/wp\/v2\/pages"}],"about":[{"href":"http:\/\/0dbproductions.fr\/index.php?rest_route=\/wp\/v2\/types\/page"}],"author":[{"embeddable":true,"href":"http:\/\/0dbproductions.fr\/index.php?rest_route=\/wp\/v2\/users\/1"}],"replies":[{"embeddable":true,"href":"http:\/\/0dbproductions.fr\/index.php?rest_route=%2Fwp%2Fv2%2Fcomments&post=47"}],"version-history":[{"count":9,"href":"http:\/\/0dbproductions.fr\/index.php?rest_route=\/wp\/v2\/pages\/47\/revisions"}],"predecessor-version":[{"id":270,"href":"http:\/\/0dbproductions.fr\/index.php?rest_route=\/wp\/v2\/pages\/47\/revisions\/270"}],"wp:attachment":[{"href":"http:\/\/0dbproductions.fr\/index.php?rest_route=%2Fwp%2Fv2%2Fmedia&parent=47"}],"curies":[{"name":"wp","href":"https:\/\/api.w.org\/{rel}","templated":true}]}}