{"id":186,"date":"2016-06-08T13:45:43","date_gmt":"2016-06-08T12:45:43","guid":{"rendered":"http:\/\/0dbproductions.fr\/?page_id=186"},"modified":"2022-05-06T16:07:42","modified_gmt":"2022-05-06T15:07:42","slug":"histoire","status":"publish","type":"page","link":"http:\/\/0dbproductions.fr\/","title":{"rendered":"Notre histoire"},"content":{"rendered":"<p>Depuis 1995, <b>Z\u00e9rod\u00e9cibel<\/b><b> Productions <\/b>accompagne les r\u00e9gies m\u00e9dias et leurs annonceurs, tel le Groupe M6, dans la production de leurs contenus publicitaires tv, radio, digital.<\/p>\n<p><b>Z\u00e9rod\u00e9cibel<\/b><b> Productions<\/b>, c&rsquo;est <b>une \u00e9quipe de professionnels <\/b>(producteurs, compositeurs, ing\u00e9nieurs du son et com\u00e9diens) \u00e0 votre \u00e9coute pour explorer toutes vos opportunit\u00e9s de prise de parole.<\/p>\n<p>D\u00e9couvrez les r\u00e9alisations de <b>Z\u00e9rod\u00e9cibel<\/b><b> Productions<\/b>, un team cr\u00e9atif qui con\u00e7oit, \u00e9crit, r\u00e9alise et produit vos spots publicitaires, podcast, interviews, publi-r\u00e9dactionnels, programmes courts ou sound design&#8230; <b>pour du son \u00e0 votre image<\/b><b>.<\/b><\/p>\n","protected":false},"excerpt":{"rendered":"<p>Depuis 1995, Z\u00e9rod\u00e9cibel Productions accompagne les r\u00e9gies m\u00e9dias et leurs annonceurs, tel le Groupe M6, dans la production de leurs contenus publicitaires tv, radio, digital. Z\u00e9rod\u00e9cibel Productions, c&rsquo;est une \u00e9quipe de professionnels (producteurs, compositeurs, ing\u00e9nieurs du son et com\u00e9diens) \u00e0 votre \u00e9coute pour explorer toutes vos opportunit\u00e9s de prise de parole. D\u00e9couvrez les r\u00e9alisations de &hellip; <\/p>\n<p class=\"link-more\"><a href=\"http:\/\/0dbproductions.fr\/\" class=\"more-link\">Lire la suite de<span class=\"screen-reader-text\">\u00ab\u00a0Notre histoire\u00a0\u00bb<\/span><\/a><\/p>\n","protected":false},"author":1,"featured_media":0,"parent":0,"menu_order":0,"comment_status":"closed","ping_status":"closed","template":"","meta":{"inspiro_hide_title":false,"footnotes":""},"class_list":["post-186","page","type-page","status-publish","hentry"],"_links":{"self":[{"href":"http:\/\/0dbproductions.fr\/index.php?rest_route=\/wp\/v2\/pages\/186","targetHints":{"allow":["GET"]}}],"collection":[{"href":"http:\/\/0dbproductions.fr\/index.php?rest_route=\/wp\/v2\/pages"}],"about":[{"href":"http:\/\/0dbproductions.fr\/index.php?rest_route=\/wp\/v2\/types\/page"}],"author":[{"embeddable":true,"href":"http:\/\/0dbproductions.fr\/index.php?rest_route=\/wp\/v2\/users\/1"}],"replies":[{"embeddable":true,"href":"http:\/\/0dbproductions.fr\/index.php?rest_route=%2Fwp%2Fv2%2Fcomments&post=186"}],"version-history":[{"count":10,"href":"http:\/\/0dbproductions.fr\/index.php?rest_route=\/wp\/v2\/pages\/186\/revisions"}],"predecessor-version":[{"id":499,"href":"http:\/\/0dbproductions.fr\/index.php?rest_route=\/wp\/v2\/pages\/186\/revisions\/499"}],"wp:attachment":[{"href":"http:\/\/0dbproductions.fr\/index.php?rest_route=%2Fwp%2Fv2%2Fmedia&parent=186"}],"curies":[{"name":"wp","href":"https:\/\/api.w.org\/{rel}","templated":true}]}}